{"id":554,"date":"2025-03-28T20:44:52","date_gmt":"2025-03-28T18:44:52","guid":{"rendered":"https:\/\/heinolanilmailukerho.fi\/?page_id=554"},"modified":"2026-04-23T21:17:15","modified_gmt":"2026-04-23T18:17:15","slug":"opiskele-lentajaksi-kerhossamme","status":"publish","type":"page","link":"https:\/\/heinolanilmailukerho.fi\/?page_id=554","title":{"rendered":"Opiskele lent\u00e4j\u00e4ksi kerhossamme"},"content":{"rendered":"\n<p>Oletko pienest\u00e4 pit\u00e4en haaveillut ilmojen teille? Vai onko kipin\u00e4 puraissut vasta aikuisi\u00e4ll\u00e4? Mietitk\u00f6, miten harrastuksessa p\u00e4\u00e4sisi alkuun? Onneksi olkoon, olet tullut oikeaan paikkaan!<\/p>\n\n\n\n<p>Lentolupakirja on monen haaveissa, mutta toteuttaminen voi j\u00e4\u00e4d\u00e4 kiinni mit\u00e4 erilaisimmista syist\u00e4. Syit\u00e4 voivat olla ajank\u00e4ytt\u00f6, taloudellinen tilanne tai vain tiet\u00e4m\u00e4tt\u00f6myys siit\u00e4, mist\u00e4 opiskelun voi aloittaa.<\/p>\n\n\n\n<h2 class=\"wp-block-heading\">Lupakirjatyypit<\/h2>\n\n\n\n<p>Voit suorittaa kerhossamme joko LAPL(A)- tai PPL(A)-lupakirjan. Ik\u00e4vaatimus molempiin lupakirjoihin on 17 vuotta, mutta kurssin voi aloittaa jo 16-vuotiaana.<\/p>\n\n\n\n<p>Kumpikaan lupakirjoista ei oikeuta kaupalliseen ansiolentotoimintaan. Lent\u00e4misen kuluja voi kuitenkin jakaa matkustajien kesken.<\/p>\n\n\n\n<p><strong>LAPL(A)<\/strong><\/p>\n\n\n\n<ul class=\"wp-block-list\">\n<li>Kevyiden ilma-alusten lupakirja (Light Aircraft Pilot License)<\/li>\n\n\n\n<li>Oikeuttaa lent\u00e4m\u00e4\u00e4n lentokonetta, jossa on lent\u00e4j\u00e4n lis\u00e4ksi enint\u00e4\u00e4n kolme matkustajaa<\/li>\n\n\n\n<li>Lentokoneen maksimipaino 2000 kg<\/li>\n\n\n\n<li>Voit hankkia y\u00f6lentokelpuutuksen, taitolentokelpuutuksen ja hinauslentokelpuutuksen<\/li>\n\n\n\n<li>Voit lenn\u00e4tt\u00e4\u00e4 laskuvarjohypp\u00e4\u00e4ji\u00e4, mik\u00e4li enimm\u00e4ismatkustajam\u00e4\u00e4r\u00e4 ei ylity<\/li>\n<\/ul>\n\n\n\n<p><strong>PPL(A)<\/strong><\/p>\n\n\n\n<ul class=\"wp-block-list\">\n<li>Yksityislent\u00e4j\u00e4n lupakirja (Private Pilot License)<\/li>\n\n\n\n<li>Voit hankkia y\u00f6lentokelpuutuksen, taitolentokelpuutuksen, hinauslentokelpuutuksen ja vesilentokelpuutuksen<\/li>\n\n\n\n<li>Voit lenn\u00e4tt\u00e4\u00e4 laskuvarjohypp\u00e4\u00e4ji\u00e4<\/li>\n\n\n\n<li>Voit hankkia tyyppihyv\u00e4ksynt\u00f6j\u00e4 isommille koneille, monimoottorikoneille, suihkumoottorikoneille jne.<\/li>\n\n\n\n<li>Voit osallistua palolentotoimintaan<\/li>\n<\/ul>\n\n\n\n<h2 class=\"wp-block-heading\">Mit\u00e4 kurssi sis\u00e4lt\u00e4\u00e4<\/h2>\n\n\n\n<p>Molemmat lupakirjakurssit sis\u00e4lt\u00e4v\u00e4t teoriaosuuden, lento-osuuden, teoriakokeet ja lentokokeen.<\/p>\n\n\n\n<ul class=\"wp-block-list\">\n<li>Teoriaosuus suoritetaan s\u00e4hk\u00f6isess\u00e4 muodossa itseopiskeluna, ja sen voi ostaa esimerkiksi BlueSkies oy:lt\u00e4 (<a href=\"https:\/\/www.blueskies.fi\/etateoriakurssi\/\">https:\/\/www.blueskies.fi\/etateoriakurssi\/<\/a>)<\/li>\n\n\n\n<li>Lento-osuuden voit aloittaa lennonopettajamme kanssa v\u00e4litt\u00f6m\u00e4sti\n<ul class=\"wp-block-list\">\n<li>PPL(A) sis\u00e4lt\u00e4\u00e4 v\u00e4hint\u00e4\u00e4n 45 tuntia lennonopetusta, josta v\u00e4hint\u00e4\u00e4n 10 tuntia yksinlentoa<\/li>\n\n\n\n<li>LAPL(A) sis\u00e4lt\u00e4\u00e4 v\u00e4hint\u00e4\u00e4n 30 tuntia lennonopetusta, josta v\u00e4hint\u00e4\u00e4n 10 tuntia yksinlentoa<\/li>\n<\/ul>\n<\/li>\n\n\n\n<li>Teoriakokeet suoritetaan Traficomin valvonnassa<\/li>\n\n\n\n<li>Lentokoe suoritetaan tarkastuslent\u00e4j\u00e4n valvonnassa<\/li>\n<\/ul>\n\n\n\n<p>Kurssin lis\u00e4ksi tarvitset medikaalin eli l\u00e4\u00e4k\u00e4rintodistuksen, jonka saat ilmailul\u00e4\u00e4k\u00e4rilt\u00e4 esimerkiksi Lahden Terveystalosta. Tarvittavan l\u00e4\u00e4k\u00e4rintodistuksen tyyppi riippuu haettavasta lupakirjasta.<\/p>\n\n\n\n<ul class=\"wp-block-list\">\n<li>LAPL(A): Medical Class LAPL<\/li>\n\n\n\n<li>PPL(A): Medical Class 2<\/li>\n<\/ul>\n\n\n\n<h2 class=\"wp-block-heading\">Kauanko kurssi kest\u00e4\u00e4<\/h2>\n\n\n\n<p>Lentolupakirjan suorittaminen vie noin 1-2 vuotta. Lentokoulussa, jossa opettajat ty\u00f6skentelev\u00e4t jatkuvasti, lupakirjan lentotuntien yhteensovittaminen on yleens\u00e4 helpompaa. Kerhoissa lennonopettajat toimivat vapaaehtoisperiaatteella k\u00e4ytt\u00e4en omaa vapaa-aikaansa opetukseen, jolloin kurssi voi kest\u00e4\u00e4 pidemp\u00e4\u00e4n.<\/p>\n\n\n\n<p>Kerhon etuna on lupakirjan hinta. Kerho ei maksa toiminnastaan arvonlis\u00e4veroa eik\u00e4 tavoittele toiminnallaan voittoa. T\u00e4m\u00e4n vuoksi kerhon koneiden vuokrat ovat edullisia, mik\u00e4 vaikuttaa lupakirjan hintaan.<\/p>\n\n\n\n<h2 class=\"wp-block-heading\">Paljonko lupakirja maksaa<\/h2>\n\n\n\n<p><strong>LAPL(A)-lupakirjan hinta on 6740 \u20ac (2026).<\/strong><\/p>\n\n\n\n<p>PPL(A)-lupakirjan hinta: ota yhteytt\u00e4 kerhomme toimihenkil\u00f6ihin<\/p>\n\n\n\n<p>LAPL(A)-kurssin hinta sis\u00e4lt\u00e4\u00e4:<\/p>\n\n\n\n<ul class=\"wp-block-list\">\n<li>ePPL-teoriat<\/li>\n\n\n\n<li>30 lentotuntia<\/li>\n\n\n\n<li>Liittymismaksu 120 \u20ac<\/li>\n\n\n\n<li>J\u00e4senmaksu 50 \u20ac \/ vuosi (*)<\/li>\n<\/ul>\n\n\n\n<p><em>(*) J\u00e4senmaksu veloitetaan vuosittain. Kurssin ohjehinta sis\u00e4lt\u00e4\u00e4 yhden vuosimaksun. Alle 18-vuotiaan nuorisoj\u00e4senmaksu on 25 \u20ac. \/ vuosi<\/em>.<\/p>\n\n\n\n<p>Esimerkkej\u00e4 kuluista, jotka eiv\u00e4t sis\u00e4lly hintaan:<\/p>\n\n\n\n<ul class=\"wp-block-list\">\n<li>Teoriakokeet (Traficom): n. 300 \u20ac<\/li>\n\n\n\n<li>Lentokoe: n. 400 \u20ac<\/li>\n\n\n\n<li>L\u00e4\u00e4k\u00e4rintarkastus (ensimm\u00e4inen medikaali): n. 400 \u20ac<\/li>\n\n\n\n<li>Medikaali (Traficom): 120 \u20ac<\/li>\n\n\n\n<li>Lupakirja (Traficom): 120 \u20ac<\/li>\n<\/ul>\n\n\n\n<h2 class=\"wp-block-heading\">Hae oppilaaksi<\/h2>\n\n\n\n<p>Hae oppilaaksi jo t\u00e4n\u00e4\u00e4n t\u00e4ytt\u00e4m\u00e4ll\u00e4 <a href=\"https:\/\/forms.gle\/XhveLrNrGvFZypUN6\" target=\"_blank\" rel=\"noreferrer noopener\">Oppilashakemus<\/a><\/p>\n","protected":false},"excerpt":{"rendered":"<p>Oletko pienest\u00e4 pit\u00e4en haaveillut ilmojen teille? Vai onko kipin\u00e4 puraissut vasta aikuisi\u00e4ll\u00e4? Mietitk\u00f6, miten harrastuksessa p\u00e4\u00e4sisi alkuun? Onneksi olkoon, olet tullut oikeaan paikkaan! Lentolupakirja on monen haaveissa, mutta toteuttaminen voi j\u00e4\u00e4d\u00e4 kiinni mit\u00e4 erilaisimmista syist\u00e4. Syit\u00e4 voivat olla ajank\u00e4ytt\u00f6, taloudellinen tilanne tai vain tiet\u00e4m\u00e4tt\u00f6myys siit\u00e4, mist\u00e4 opiskelun voi aloittaa. Lupakirjatyypit Voit suorittaa kerhossamme joko LAPL(A)-&hellip; <br \/> <a class=\"button small blue\" href=\"https:\/\/heinolanilmailukerho.fi\/?page_id=554\">Read more<\/a><\/p>\n","protected":false},"author":4,"featured_media":0,"parent":64,"menu_order":5,"comment_status":"closed","ping_status":"closed","template":"","meta":{"footnotes":""},"class_list":["post-554","page","type-page","status-publish","hentry"],"_links":{"self":[{"href":"https:\/\/heinolanilmailukerho.fi\/index.php?rest_route=\/wp\/v2\/pages\/554","targetHints":{"allow":["GET"]}}],"collection":[{"href":"https:\/\/heinolanilmailukerho.fi\/index.php?rest_route=\/wp\/v2\/pages"}],"about":[{"href":"https:\/\/heinolanilmailukerho.fi\/index.php?rest_route=\/wp\/v2\/types\/page"}],"author":[{"embeddable":true,"href":"https:\/\/heinolanilmailukerho.fi\/index.php?rest_route=\/wp\/v2\/users\/4"}],"replies":[{"embeddable":true,"href":"https:\/\/heinolanilmailukerho.fi\/index.php?rest_route=%2Fwp%2Fv2%2Fcomments&post=554"}],"version-history":[{"count":7,"href":"https:\/\/heinolanilmailukerho.fi\/index.php?rest_route=\/wp\/v2\/pages\/554\/revisions"}],"predecessor-version":[{"id":582,"href":"https:\/\/heinolanilmailukerho.fi\/index.php?rest_route=\/wp\/v2\/pages\/554\/revisions\/582"}],"up":[{"embeddable":true,"href":"https:\/\/heinolanilmailukerho.fi\/index.php?rest_route=\/wp\/v2\/pages\/64"}],"wp:attachment":[{"href":"https:\/\/heinolanilmailukerho.fi\/index.php?rest_route=%2Fwp%2Fv2%2Fmedia&parent=554"}],"curies":[{"name":"wp","href":"https:\/\/api.w.org\/{rel}","templated":true}]}}