{"id":577,"date":"2026-04-22T15:30:59","date_gmt":"2026-04-22T12:30:59","guid":{"rendered":"https:\/\/heinolanilmailukerho.fi\/?page_id=577"},"modified":"2026-04-22T15:32:07","modified_gmt":"2026-04-22T12:32:07","slug":"sms","status":"publish","type":"page","link":"https:\/\/heinolanilmailukerho.fi\/?page_id=577","title":{"rendered":"SMS (Safety Management System)"},"content":{"rendered":"\n<p>Heinolan Ilmailukerhon SMS (Safety Management System) perustuu vapaaehtoiseen turvallisuusilmoitusmenettelyyn ja ilmoitusten puolueettomaan k\u00e4sittelyyn. SMS-raporttien tarkoitus ei ole etsi\u00e4 syyllisi\u00e4, vaan parantaa lentoturvallisuutta ja ennaltaehk\u00e4ist\u00e4 vaaratilanteita.<\/p>\n\n\n\n<p>SMS-raportit k\u00e4sitell\u00e4\u00e4n ehdottoman luottamuksellisesti, ja niit\u00e4 koskevia henkil\u00f6tietoja ei jaeta kolmansille osapuolille.<\/p>\n\n\n\n<p>Tee <a href=\"https:\/\/forms.gle\/ETMEq6GowuahFCz96\" target=\"_blank\" rel=\"noreferrer noopener\">SMS-raportti<\/a><\/p>\n\n\n\n<p><\/p>\n","protected":false},"excerpt":{"rendered":"<p>Heinolan Ilmailukerhon SMS (Safety Management System) perustuu vapaaehtoiseen turvallisuusilmoitusmenettelyyn ja ilmoitusten puolueettomaan k\u00e4sittelyyn. SMS-raporttien tarkoitus ei ole etsi\u00e4 syyllisi\u00e4, vaan parantaa lentoturvallisuutta ja ennaltaehk\u00e4ist\u00e4 vaaratilanteita. SMS-raportit k\u00e4sitell\u00e4\u00e4n ehdottoman luottamuksellisesti, ja niit\u00e4 koskevia henkil\u00f6tietoja ei jaeta kolmansille osapuolille. Tee SMS-raportti<\/p>\n","protected":false},"author":4,"featured_media":0,"parent":64,"menu_order":0,"comment_status":"closed","ping_status":"closed","template":"","meta":{"footnotes":""},"class_list":["post-577","page","type-page","status-publish","hentry"],"_links":{"self":[{"href":"https:\/\/heinolanilmailukerho.fi\/index.php?rest_route=\/wp\/v2\/pages\/577","targetHints":{"allow":["GET"]}}],"collection":[{"href":"https:\/\/heinolanilmailukerho.fi\/index.php?rest_route=\/wp\/v2\/pages"}],"about":[{"href":"https:\/\/heinolanilmailukerho.fi\/index.php?rest_route=\/wp\/v2\/types\/page"}],"author":[{"embeddable":true,"href":"https:\/\/heinolanilmailukerho.fi\/index.php?rest_route=\/wp\/v2\/users\/4"}],"replies":[{"embeddable":true,"href":"https:\/\/heinolanilmailukerho.fi\/index.php?rest_route=%2Fwp%2Fv2%2Fcomments&post=577"}],"version-history":[{"count":2,"href":"https:\/\/heinolanilmailukerho.fi\/index.php?rest_route=\/wp\/v2\/pages\/577\/revisions"}],"predecessor-version":[{"id":580,"href":"https:\/\/heinolanilmailukerho.fi\/index.php?rest_route=\/wp\/v2\/pages\/577\/revisions\/580"}],"up":[{"embeddable":true,"href":"https:\/\/heinolanilmailukerho.fi\/index.php?rest_route=\/wp\/v2\/pages\/64"}],"wp:attachment":[{"href":"https:\/\/heinolanilmailukerho.fi\/index.php?rest_route=%2Fwp%2Fv2%2Fmedia&parent=577"}],"curies":[{"name":"wp","href":"https:\/\/api.w.org\/{rel}","templated":true}]}}